{"id":22,"date":"2017-01-17T16:35:35","date_gmt":"2017-01-17T16:35:35","guid":{"rendered":"http:\/\/dentalpro.pt\/en\/?page_id=22"},"modified":"2024-08-29T12:01:08","modified_gmt":"2024-08-29T12:01:08","slug":"contacts","status":"publish","type":"page","link":"https:\/\/dentalpro.pt\/en\/contacts\/","title":{"rendered":"Contacts"},"content":{"rendered":"<div class=\"wpforms-container wpforms-container-full\" id=\"wpforms-406\"><form id=\"wpforms-form-406\" class=\"wpforms-validate wpforms-form\" data-formid=\"406\" method=\"post\" enctype=\"multipart\/form-data\" action=\"\/en\/wp-json\/wp\/v2\/pages\/22\"><div class=\"wpforms-field-container\"><div id=\"wpforms-406-field_0-container\" class=\"wpforms-field wpforms-field-name\" data-field-id=\"0\"><label class=\"wpforms-field-label\" for=\"wpforms-406-field_0\">Name <span class=\"wpforms-required-label\">*<\/span><\/label><input type=\"text\" id=\"wpforms-406-field_0\" class=\"wpforms-field-medium wpforms-field-required\" name=\"wpforms[fields][0]\" required><\/div><div id=\"wpforms-406-field_1-container\" class=\"wpforms-field wpforms-field-email\" data-field-id=\"1\"><label class=\"wpforms-field-label\" for=\"wpforms-406-field_1\">E-mail <span class=\"wpforms-required-label\">*<\/span><\/label><input type=\"email\" id=\"wpforms-406-field_1\" class=\"wpforms-field-medium wpforms-field-required\" name=\"wpforms[fields][1]\" required><\/div><div id=\"wpforms-406-field_2-container\" class=\"wpforms-field wpforms-field-textarea\" data-field-id=\"2\"><label class=\"wpforms-field-label\" for=\"wpforms-406-field_2\">Comment or Message <span class=\"wpforms-required-label\">*<\/span><\/label><textarea id=\"wpforms-406-field_2\" class=\"wpforms-field-medium wpforms-field-required\" name=\"wpforms[fields][2]\" required><\/textarea><\/div><\/div><div class=\"wpforms-field wpforms-field-hp\"><label for=\"wpforms-406-field-hp\" class=\"wpforms-field-label\">Phone<\/label><input type=\"text\" name=\"wpforms[hp]\" id=\"wpforms-406-field-hp\" class=\"wpforms-field-medium\"><\/div><div class=\"wpforms-submit-container\" ><input type=\"hidden\" name=\"wpforms[id]\" value=\"406\"><input type=\"hidden\" name=\"wpforms[author]\" value=\"1\"><button type=\"submit\" name=\"wpforms[submit]\" class=\"wpforms-submit \" id=\"wpforms-submit-406\" value=\"wpforms-submit\" aria-live=\"assertive\" data-alt-text=\"Sending...\" data-submit-text=\"Submit\">Submit<\/button><\/div><\/form><\/div>  <!-- .wpforms-container -->\n<p><strong>DentalPro Magazine<br \/>\n<\/strong><\/p>\n<p>Pra\u00e7a Mouzinho de Albuquerque, 113 &#8211; Piso 6<br \/>\n4100-359 PORTO &#8211; PORTUGAL<\/p>\n<p><strong>Telefone:<\/strong> (+351) 226 090 009<\/p>\n<p><iframe loading=\"lazy\" style=\"border: 0;\" src=\"https:\/\/www.google.com\/maps\/embed?pb=!1m18!1m12!1m3!1d3003.9417121791566!2d-8.630553818845662!3d41.15762319746181!2m3!1f0!2f0!3f0!3m2!1i1024!2i768!4f13.1!3m3!1m2!1s0xd246503667aee0d%3A0x909c6bdf04d2d8b2!2zRWRpdG9yYSBDw7NkaWdvcHJvIC0gRWRpw6fDo28gRGUgUHVibGljYcOnw7VlcyBQZXJpw7NkaWNhcywgVW5pcGVzc29hbCwgTGRhLg!5e0!3m2!1spt-PT!2spt!4v1484671095469\" width=\"600\" height=\"450\" frameborder=\"0\" allowfullscreen=\"allowfullscreen\"><\/iframe><\/p>\n<p><strong>EDITORA C\u00d3DIGOPRO \u2014 Edi\u00e7\u00e3o de Publica\u00e7\u00f5es Peri\u00f3dicas Uni Lda.<\/strong><br \/>\nHeadquarters: Pra\u00e7a Mouzinho de Albuquerque, 113, Piso 6<br \/>\n4100-359 PORTO | PORTUGAL<\/p>\n<p>Phone: (+351) 226 090 009<\/p>\n<p>Website:\u00a0<a href=\"http:\/\/www.codigopro.pt\/\">www.codigopro.pt<\/a><br \/>\nLocation:\u00a0<a href=\"https:\/\/www.google.pt\/maps\/place\/Editora+C%C3%B3digopro+-+Edi%C3%A7%C3%A3o+De+Publica%C3%A7%C3%B5es+Peri%C3%B3dicas,+Unipessoal,+Lda.\/@41.157291,-8.630248,17z\/data=!3m1!4b1!4m5!3m4!1s0xd246503667aee0d:0x909c6bdf04d2d8b2!8m2!3d41.157291!4d-8.628054?hl=pt-PT\">Mapa<\/a><\/p>\n<p><strong>Director:<\/strong><br \/>\nRicardo Flaminio<br \/>\nPhone: (+351) 916 772 974<\/p>\n<p><strong>Editor:<\/strong><br \/>\nF\u00e1tima Amaral Ferreira<\/p>\n","protected":false},"excerpt":{"rendered":"<p>DentalPro Magazine Pra\u00e7a Mouzinho de Albuquerque, 113 &#8211; Piso 6 4100-359 PORTO &#8211; PORTUGAL Telefone: (+351) 226 090 009 EDITORA C\u00d3DIGOPRO \u2014 Edi\u00e7\u00e3o de Publica\u00e7\u00f5es Peri\u00f3dicas Uni Lda. Headquarters: Pra\u00e7a&hellip;<\/p>\n","protected":false},"author":1,"featured_media":0,"parent":0,"menu_order":0,"comment_status":"closed","ping_status":"closed","template":"","meta":[],"_links":{"self":[{"href":"https:\/\/dentalpro.pt\/en\/wp-json\/wp\/v2\/pages\/22"}],"collection":[{"href":"https:\/\/dentalpro.pt\/en\/wp-json\/wp\/v2\/pages"}],"about":[{"href":"https:\/\/dentalpro.pt\/en\/wp-json\/wp\/v2\/types\/page"}],"author":[{"embeddable":true,"href":"https:\/\/dentalpro.pt\/en\/wp-json\/wp\/v2\/users\/1"}],"replies":[{"embeddable":true,"href":"https:\/\/dentalpro.pt\/en\/wp-json\/wp\/v2\/comments?post=22"}],"version-history":[{"count":10,"href":"https:\/\/dentalpro.pt\/en\/wp-json\/wp\/v2\/pages\/22\/revisions"}],"predecessor-version":[{"id":1642,"href":"https:\/\/dentalpro.pt\/en\/wp-json\/wp\/v2\/pages\/22\/revisions\/1642"}],"wp:attachment":[{"href":"https:\/\/dentalpro.pt\/en\/wp-json\/wp\/v2\/media?parent=22"}],"curies":[{"name":"wp","href":"https:\/\/api.w.org\/{rel}","templated":true}]}}